{"id":46,"date":"2024-04-14T16:12:34","date_gmt":"2024-04-14T14:12:34","guid":{"rendered":"http:\/\/usrs.prodeco-propisi.com\/usrswp\/wordpress\/?page_id=46"},"modified":"2024-04-14T20:18:29","modified_gmt":"2024-04-14T18:18:29","slug":"jahorina-2013","status":"publish","type":"page","link":"http:\/\/usrs.prodeco-propisi.com\/usrswp\/wordpress\/savjetovanja\/jahorina-2013\/","title":{"rendered":"Jahorina 2013"},"content":{"rendered":"\n<p>Ovde mo\u017eete na\u0107i program i zaklju\u010dke sa VIII savjetovanja na Jahorini.<\/p>\n\n\n\n<ul class=\"wp-block-list\">\n<li>Program Savjetovanja na Jahorini 2013<\/li>\n\n\n\n<li><a href=\"http:\/\/usrs.prodeco-propisi.com\/usrswp\/wordpress\/wp-content\/uploads\/2024\/04\/zakljucci-sa-8-savjetovanja.pdf\" data-type=\"attachment\" data-id=\"106\">Zaklju\u010dci sa Savjetovanja na Jahorini 2013<\/a><\/li>\n<\/ul>\n\n\n\n<p>Slike sa savjetovanja &#8211; Jahorina 2013<\/p>\n\n\n\n<figure class=\"wp-block-gallery has-nested-images columns-default is-cropped wp-block-gallery-1 is-layout-flex wp-block-gallery-is-layout-flex\">\n<figure class=\"wp-block-image size-large\"><img loading=\"lazy\" decoding=\"async\" width=\"640\" height=\"480\" data-id=\"102\" src=\"http:\/\/usrs.prodeco-propisi.com\/usrswp\/wordpress\/wp-content\/uploads\/2024\/04\/Jahorina_slika_3.jpg\" alt=\"\" class=\"wp-image-102\" srcset=\"http:\/\/usrs.prodeco-propisi.com\/usrswp\/wordpress\/wp-content\/uploads\/2024\/04\/Jahorina_slika_3.jpg 640w, http:\/\/usrs.prodeco-propisi.com\/usrswp\/wordpress\/wp-content\/uploads\/2024\/04\/Jahorina_slika_3-300x225.jpg 300w\" sizes=\"auto, (max-width: 640px) 100vw, 640px\" \/><\/figure>\n\n\n\n<figure class=\"wp-block-image size-large\"><img loading=\"lazy\" decoding=\"async\" width=\"640\" height=\"480\" data-id=\"104\" src=\"http:\/\/usrs.prodeco-propisi.com\/usrswp\/wordpress\/wp-content\/uploads\/2024\/04\/Jahorina_slike_4.jpg\" alt=\"\" class=\"wp-image-104\" srcset=\"http:\/\/usrs.prodeco-propisi.com\/usrswp\/wordpress\/wp-content\/uploads\/2024\/04\/Jahorina_slike_4.jpg 640w, http:\/\/usrs.prodeco-propisi.com\/usrswp\/wordpress\/wp-content\/uploads\/2024\/04\/Jahorina_slike_4-300x225.jpg 300w\" sizes=\"auto, (max-width: 640px) 100vw, 640px\" \/><\/figure>\n<\/figure>\n","protected":false},"excerpt":{"rendered":"<p>Ovde mo\u017eete na\u0107i program i zaklju\u010dke sa VIII savjetovanja na Jahorini. Slike sa savjetovanja &#8211; Jahorina 2013<\/p>\n","protected":false},"author":1,"featured_media":0,"parent":18,"menu_order":0,"comment_status":"closed","ping_status":"closed","template":"","meta":{"footnotes":""},"class_list":["post-46","page","type-page","status-publish","hentry"],"_links":{"self":[{"href":"http:\/\/usrs.prodeco-propisi.com\/usrswp\/wordpress\/wp-json\/wp\/v2\/pages\/46","targetHints":{"allow":["GET"]}}],"collection":[{"href":"http:\/\/usrs.prodeco-propisi.com\/usrswp\/wordpress\/wp-json\/wp\/v2\/pages"}],"about":[{"href":"http:\/\/usrs.prodeco-propisi.com\/usrswp\/wordpress\/wp-json\/wp\/v2\/types\/page"}],"author":[{"embeddable":true,"href":"http:\/\/usrs.prodeco-propisi.com\/usrswp\/wordpress\/wp-json\/wp\/v2\/users\/1"}],"replies":[{"embeddable":true,"href":"http:\/\/usrs.prodeco-propisi.com\/usrswp\/wordpress\/wp-json\/wp\/v2\/comments?post=46"}],"version-history":[{"count":4,"href":"http:\/\/usrs.prodeco-propisi.com\/usrswp\/wordpress\/wp-json\/wp\/v2\/pages\/46\/revisions"}],"predecessor-version":[{"id":108,"href":"http:\/\/usrs.prodeco-propisi.com\/usrswp\/wordpress\/wp-json\/wp\/v2\/pages\/46\/revisions\/108"}],"up":[{"embeddable":true,"href":"http:\/\/usrs.prodeco-propisi.com\/usrswp\/wordpress\/wp-json\/wp\/v2\/pages\/18"}],"wp:attachment":[{"href":"http:\/\/usrs.prodeco-propisi.com\/usrswp\/wordpress\/wp-json\/wp\/v2\/media?parent=46"}],"curies":[{"name":"wp","href":"https:\/\/api.w.org\/{rel}","templated":true}]}}