{"id":42,"date":"2024-04-14T16:09:48","date_gmt":"2024-04-14T14:09:48","guid":{"rendered":"http:\/\/usrs.prodeco-propisi.com\/usrswp\/wordpress\/?page_id=42"},"modified":"2024-04-14T16:37:33","modified_gmt":"2024-04-14T14:37:33","slug":"uclanjenje","status":"publish","type":"page","link":"http:\/\/usrs.prodeco-propisi.com\/usrswp\/wordpress\/clanstvo\/uclanjenje\/","title":{"rendered":"U\u010dlanjenje"},"content":{"rendered":"\n<p>Ovdje mo\u017eete preuzeti pristupnicu za \u010dlanstvo u Udru\u017eenju sudija Republike Srpske, koju nam mo\u017eete poslati faxom, po\u0161tom ili na e-mail adresu (dole navedeni kontakt podaci).<\/p>\n\n\n\n<p><\/p>\n\n\n\n<div class=\"wp-block-file\"><a id=\"wp-block-file--media-ac39ffeb-f5a6-4908-8b8e-9efb193bb2bd\" href=\"http:\/\/usrs.prodeco-propisi.com\/usrswp\/wordpress\/wp-content\/uploads\/2024\/04\/pristupnica.pdf\">pristupnica<\/a><a href=\"http:\/\/usrs.prodeco-propisi.com\/usrswp\/wordpress\/wp-content\/uploads\/2024\/04\/pristupnica.pdf\" class=\"wp-block-file__button wp-element-button\" download aria-describedby=\"wp-block-file--media-ac39ffeb-f5a6-4908-8b8e-9efb193bb2bd\">Download<\/a><\/div>\n\n\n\n<p><\/p>\n\n\n\n<p><\/p>\n\n\n\n<p>Vladike Platona br. 2,<br>78000 Banja Luka<br>fax: 051 301 578;<br>e-mail: us.rs@pravosudje.ba<\/p>\n","protected":false},"excerpt":{"rendered":"<p>Ovdje mo\u017eete preuzeti pristupnicu za \u010dlanstvo u Udru\u017eenju sudija Republike Srpske, koju nam mo\u017eete poslati faxom, po\u0161tom ili na e-mail adresu (dole navedeni kontakt podaci). Vladike Platona br. 2,78000 Banja Lukafax: 051 301 578;e-mail: us.rs@pravosudje.ba<\/p>\n","protected":false},"author":1,"featured_media":0,"parent":16,"menu_order":31,"comment_status":"closed","ping_status":"closed","template":"","meta":{"footnotes":""},"class_list":["post-42","page","type-page","status-publish","hentry"],"_links":{"self":[{"href":"http:\/\/usrs.prodeco-propisi.com\/usrswp\/wordpress\/wp-json\/wp\/v2\/pages\/42","targetHints":{"allow":["GET"]}}],"collection":[{"href":"http:\/\/usrs.prodeco-propisi.com\/usrswp\/wordpress\/wp-json\/wp\/v2\/pages"}],"about":[{"href":"http:\/\/usrs.prodeco-propisi.com\/usrswp\/wordpress\/wp-json\/wp\/v2\/types\/page"}],"author":[{"embeddable":true,"href":"http:\/\/usrs.prodeco-propisi.com\/usrswp\/wordpress\/wp-json\/wp\/v2\/users\/1"}],"replies":[{"embeddable":true,"href":"http:\/\/usrs.prodeco-propisi.com\/usrswp\/wordpress\/wp-json\/wp\/v2\/comments?post=42"}],"version-history":[{"count":3,"href":"http:\/\/usrs.prodeco-propisi.com\/usrswp\/wordpress\/wp-json\/wp\/v2\/pages\/42\/revisions"}],"predecessor-version":[{"id":68,"href":"http:\/\/usrs.prodeco-propisi.com\/usrswp\/wordpress\/wp-json\/wp\/v2\/pages\/42\/revisions\/68"}],"up":[{"embeddable":true,"href":"http:\/\/usrs.prodeco-propisi.com\/usrswp\/wordpress\/wp-json\/wp\/v2\/pages\/16"}],"wp:attachment":[{"href":"http:\/\/usrs.prodeco-propisi.com\/usrswp\/wordpress\/wp-json\/wp\/v2\/media?parent=42"}],"curies":[{"name":"wp","href":"https:\/\/api.w.org\/{rel}","templated":true}]}}