{"id":40,"date":"2024-04-14T16:09:04","date_gmt":"2024-04-14T14:09:04","guid":{"rendered":"http:\/\/usrs.prodeco-propisi.com\/usrswp\/wordpress\/?page_id=40"},"modified":"2024-04-14T16:34:40","modified_gmt":"2024-04-14T14:34:40","slug":"clanovi","status":"publish","type":"page","link":"http:\/\/usrs.prodeco-propisi.com\/usrswp\/wordpress\/clanstvo\/clanovi\/","title":{"rendered":"\u010clanovi"},"content":{"rendered":"\n<p><strong>\u010cLANOVI UDRU\u017dENJA SUDIJA REPUBLIKE SRPSKE<\/strong><\/p>\n\n\n\n<p>OSNOVNI SUD BANJA LUKA<\/p>\n\n\n\n<ol class=\"wp-block-list\">\n<li>Babi\u0107 Aleksandra<\/li>\n\n\n\n<li>Gaji\u0107 Igor<\/li>\n\n\n\n<li>Gara\u010da Jelena<\/li>\n\n\n\n<li>Gavrilovi\u0107 Trivi\u0107 Adrijanan<\/li>\n\n\n\n<li>Gluhakovi\u0107 Dijana<\/li>\n\n\n\n<li>Gluvi\u0107 Mira<\/li>\n\n\n\n<li>Grahovac Jelena<\/li>\n\n\n\n<li>Graovac Vladana<\/li>\n\n\n\n<li>Vedrana Grmu\u0161a<\/li>\n\n\n\n<li>Huseinba\u0161i\u0107 Munevera<\/li>\n\n\n\n<li>Marela Jevtovi\u0107<\/li>\n\n\n\n<li>Keleman Spasen<\/li>\n\n\n\n<li>Kordi\u0107 Dalibor<\/li>\n\n\n\n<li>Kova\u010devi\u0107 Dragana<\/li>\n\n\n\n<li>Kova\u010devi\u0107 Monika<\/li>\n\n\n\n<li>Krajnovi\u0107 Maja<\/li>\n\n\n\n<li>Medakovi\u0107 Radmila<\/li>\n\n\n\n<li>Mileki\u0107 Milenko<\/li>\n\n\n\n<li>Milojica Zoran<\/li>\n\n\n\n<li>Muhad\u017ei\u0107 Adisa<\/li>\n\n\n\n<li>Pani\u0107-A\u0107i\u0107 Violeta<\/li>\n\n\n\n<li>Papi\u0107 Vesna<\/li>\n\n\n\n<li>Puzi\u0107 \u017darko<\/li>\n\n\n\n<li>Biljana Radulovi\u0107<\/li>\n\n\n\n<li>Savi\u0107 Smiljana<\/li>\n\n\n\n<li>Savi\u0107 Snje\u017eana<\/li>\n\n\n\n<li>Danijela Bo\u017ei\u0107<\/li>\n\n\n\n<li>Stefanovi\u0107-Regoda Tatjana<\/li>\n\n\n\n<li>Tati\u0107 Zdravko<\/li>\n\n\n\n<li>Vrbanjac Amela<\/li>\n\n\n\n<li>Dragan Vujec<\/li>\n\n\n\n<li>Vu\u010deti\u0107 Biljana<\/li>\n\n\n\n<li>\u0106etojevi\u0107 Nives<\/li>\n\n\n\n<li>Milo\u0161 \u010cizmovi\u0107<\/li>\n\n\n\n<li>\u0106oli\u0107 Ines<\/li>\n\n\n\n<li>\u010corni Tatjana<\/li>\n\n\n\n<li>\u0160ipka Ana<\/li>\n<\/ol>\n\n\n\n<p>OSNOVNI SUD GRADI\u0160KA<\/p>\n\n\n\n<ol class=\"wp-block-list\">\n<li>Grahovac Predrag<\/li>\n\n\n\n<li>Kasagi\u0107 Predrag<\/li>\n\n\n\n<li>Kuki\u0107 Lela<\/li>\n\n\n\n<li>Maleti\u0107 Branimir<\/li>\n\n\n\n<li>Sember Brana<\/li>\n\n\n\n<li>Stepanovi\u0107 Snje\u017eana<\/li>\n\n\n\n<li>Dejana Tepi\u0107<\/li>\n\n\n\n<li>Irena \u0110or\u0111evi\u0107<\/li>\n\n\n\n<li>\u0110uki\u0107 Desanka<\/li>\n\n\n\n<li>Dragana \u0160mitran<\/li>\n<\/ol>\n\n\n\n<p>OSNOVNI SUD KOZARSKA DUBICA<\/p>\n\n\n\n<ol class=\"wp-block-list\">\n<li>\u0110ura\u0111 Kozomara<\/li>\n\n\n\n<li>Samir \u0160ehovi\u0107<\/li>\n\n\n\n<li>Ilija Tadi\u0107<\/li>\n\n\n\n<li>Dragan Kalaba<\/li>\n\n\n\n<li>Dragica Stankovi\u0107<\/li>\n<\/ol>\n\n\n\n<p>OSNOVNI SUD KOTOR VARO\u0160<\/p>\n\n\n\n<ol class=\"wp-block-list\">\n<li>Gajanin Zdenka<\/li>\n\n\n\n<li>Tepi\u0107 Bojana<\/li>\n\n\n\n<li>Had\u017eiselimovi\u0107 Alma<\/li>\n\n\n\n<li>Vinoj\u010di\u0107-Topi\u0107 Gordana<\/li>\n\n\n\n<li>Nikola Ani\u010di\u0107<\/li>\n\n\n\n<li>Bojan Dobrnjac<\/li>\n<\/ol>\n\n\n\n<p>OSNOVNI SUD MRKONJI\u0106 GRAD<\/p>\n\n\n\n<ol class=\"wp-block-list\">\n<li>Dra\u017een Vulin<\/li>\n\n\n\n<li>\u017deljko \u010cegar<\/li>\n\n\n\n<li>Ivica Kalini\u0107<\/li>\n\n\n\n<li>Sa\u0161a Rajkovi\u0107<\/li>\n\n\n\n<li>Mileva Santra\u010d<\/li>\n\n\n\n<li>An\u0111elko Vra\u010da<\/li>\n<\/ol>\n\n\n\n<p>OSNOVNI SUD NOVI GRAD<\/p>\n\n\n\n<ol class=\"wp-block-list\">\n<li>Radulj Tatjana<\/li>\n\n\n\n<li>\u010culi\u0107 Ljiljana<\/li>\n\n\n\n<li>\u0160ipka Ljiljana<\/li>\n<\/ol>\n\n\n\n<p>OSNOVNI SUD U PRIJEDORU<\/p>\n\n\n\n<ol class=\"wp-block-list\">\n<li>Elenkov Danijela<\/li>\n\n\n\n<li>Had\u017ei\u0107 Senad<\/li>\n\n\n\n<li>Anu\u0161i\u0107 Vera<\/li>\n\n\n\n<li>Kragulj Branka<\/li>\n\n\n\n<li>Harun Samard\u017ei\u0107<\/li>\n\n\n\n<li>Pjeva\u010d Gordana<\/li>\n\n\n\n<li>Manojlovi\u0107 Neboj\u0161a<\/li>\n\n\n\n<li>Kurbegovi\u0107 Nesiha<\/li>\n\n\n\n<li>Mehad\u017ei\u0107 Vanja<\/li>\n\n\n\n<li>Mugo\u0161a Tanja<\/li>\n\n\n\n<li>Husi\u0107 \u0160ejla<\/li>\n\n\n\n<li>Aljo\u0161a Duki\u0107<\/li>\n\n\n\n<li>Zoran Milojica<\/li>\n<\/ol>\n\n\n\n<p>OSNOVNI SUD PRNJAVOR<\/p>\n\n\n\n<ol class=\"wp-block-list\">\n<li>Biber Borka<\/li>\n\n\n\n<li>Popovi\u0107 Suzana<\/li>\n\n\n\n<li>Sablji\u0107 Milan<\/li>\n\n\n\n<li>\u0160vraka-Pani\u0107 Dragana<\/li>\n\n\n\n<li>\u017divkovi\u0107 Nada<\/li>\n\n\n\n<li>Sanja Leburi\u0107<\/li>\n<\/ol>\n\n\n\n<p>OSNOVNI SUD U \u0160AMCU<\/p>\n\n\n\n<ol class=\"wp-block-list\">\n<li>Zdenko Vranji\u0107<\/li>\n\n\n\n<li>Zorica Stoli\u0107<\/li>\n\n\n\n<li>Dajana Mili\u0107evi\u0107<\/li>\n\n\n\n<li>Martin Vuki\u0107<\/li>\n\n\n\n<li>Arfan Aboudil<\/li>\n<\/ol>\n\n\n\n<p>OSNOVNI SUD BIJELJINA<\/p>\n\n\n\n<ol class=\"wp-block-list\">\n<li>Abadzi\u0107 Radinka<\/li>\n\n\n\n<li>Boji\u010di\u0107 Radi\u0161a<\/li>\n\n\n\n<li>Despeni\u0107 Aleksandar<\/li>\n\n\n\n<li>Hanu\u0161i\u0107 Aid<\/li>\n\n\n\n<li>Lazarevi\u0107 Sini\u0161a<\/li>\n\n\n\n<li>Matkovi\u0107 Aleksandar<\/li>\n\n\n\n<li>Mili\u0107evi\u0107 Ljubi\u0161a<\/li>\n\n\n\n<li>Mi\u010di\u0107 Ljubi\u0161a<\/li>\n\n\n\n<li>Mujki\u0107 Osman<\/li>\n\n\n\n<li>Na\u0111evi\u0107 Stela<\/li>\n\n\n\n<li>Pa\u0161i\u0107 Lejla<\/li>\n\n\n\n<li>Rajkovi\u0107 ljilja<\/li>\n\n\n\n<li>Sekuli\u0107 Cvijeta<\/li>\n\n\n\n<li>Sladi\u0107 Marinko<\/li>\n\n\n\n<li>Stevanovi\u0107 Dijana<\/li>\n\n\n\n<li>Vaki\u010di\u0107 \u017deljka<\/li>\n\n\n\n<li>\u0106osi\u0107 Mediha<\/li>\n\n\n\n<li>\u0110uri\u0107 Dragoljub<\/li>\n\n\n\n<li>\u0160a\u0107irovi\u0107 Selma<\/li>\n<\/ol>\n\n\n\n<p>OSNOVNI SUD SREBRENICA<\/p>\n\n\n\n<ol class=\"wp-block-list\">\n<li>Ali\u0107 Sead<\/li>\n\n\n\n<li>Peji\u0107 Ljiljana<\/li>\n\n\n\n<li>Petkovi\u0107 Vukman<\/li>\n\n\n\n<li>Fehri\u0107 Samir<\/li>\n\n\n\n<li>Nikoli\u0107 Slavi\u0161a<\/li>\n<\/ol>\n\n\n\n<p>OSNOVNI SUD ZVORNIK<\/p>\n\n\n\n<ol class=\"wp-block-list\">\n<li>Tadi\u0107 Slavica<\/li>\n<\/ol>\n\n\n\n<p>OSNOVNI SUD DERVENTA<\/p>\n\n\n\n<ol class=\"wp-block-list\">\n<li>Hrusti\u0107 Mirjana<\/li>\n\n\n\n<li>Nada Jovi\u010di\u0107-Jau\u0161evac<\/li>\n\n\n\n<li>Cvijanovi\u0107 Dlaki\u0107 Gordana<\/li>\n<\/ol>\n\n\n\n<p>OSNOVNI SUD U DOBOJU<\/p>\n\n\n\n<ol class=\"wp-block-list\">\n<li>Mari\u0107 Radovanka<\/li>\n\n\n\n<li>Mikerevi\u0107 Vesna<\/li>\n\n\n\n<li>Radoj\u010di\u0107 Radmila<\/li>\n\n\n\n<li>Rajkovi\u0107 Ljiljana<\/li>\n\n\n\n<li>Tomi\u0107 Marica<\/li>\n<\/ol>\n\n\n\n<p>OSNOVNI SUD MODRI\u010cA<\/p>\n\n\n\n<ol class=\"wp-block-list\">\n<li>Halilovi\u0107 Zina<\/li>\n\n\n\n<li>Miladinovi\u0107 Vinko<\/li>\n\n\n\n<li>Rau\u0161 Dragoja<\/li>\n\n\n\n<li>Savi\u0107 Milka<\/li>\n\n\n\n<li>Stojanovi\u0107-Kuzmanovi\u0107 Renata<\/li>\n\n\n\n<li>\u010cobo-Ganibegovi\u0107 Azra<\/li>\n<\/ol>\n\n\n\n<p>OSNOVNI SUD TESLI\u0106<\/p>\n\n\n\n<ol class=\"wp-block-list\">\n<li>Mikanovi\u0107 Ljiljana<\/li>\n\n\n\n<li>\u0110uri\u010di\u0107 Dragana<\/li>\n\n\n\n<li>\u0110ekanovi\u0107 Milena<\/li>\n<\/ol>\n\n\n\n<p>OSNOVNI SUD FO\u010cA<\/p>\n\n\n\n<ol class=\"wp-block-list\">\n<li>Golijanin Ninoslav<\/li>\n\n\n\n<li>Korda Ermin<\/li>\n<\/ol>\n\n\n\n<p>OSNOVNI SUD U \u0160AMCU<\/p>\n\n\n\n<ol class=\"wp-block-list\">\n<li>Vranji\u0107 Zdenko<\/li>\n\n\n\n<li>Zorica Stoli\u0107<\/li>\n\n\n\n<li>Arfan Aboudil<\/li>\n\n\n\n<li>Dajana Mili\u0107evi\u0107<\/li>\n\n\n\n<li>Martin Vuki\u0107<\/li>\n<\/ol>\n\n\n\n<p>OSNOVNI SUD U SOKOLCU<\/p>\n\n\n\n<ol class=\"wp-block-list\">\n<li>Malovi\u0107 Branka<\/li>\n\n\n\n<li>Milovi\u0107 Rankica<\/li>\n\n\n\n<li>\u0110eri\u0107 Boris<\/li>\n\n\n\n<li>Bosovi\u0107 Valentin<\/li>\n\n\n\n<li>Igor Roi\u0107<\/li>\n<\/ol>\n\n\n\n<p>OSNOVNI SUD VI\u0160EGRAD<\/p>\n\n\n\n<ol class=\"wp-block-list\">\n<li>Bogdanovi\u0107 Radmila<\/li>\n\n\n\n<li>Ple\u0107i\u0107 Dana<\/li>\n\n\n\n<li>Bojovi\u0107 Danijela<\/li>\n\n\n\n<li>Kova\u010devi\u0107 Slavica<\/li>\n\n\n\n<li>Sali\u0107 Zijad<\/li>\n\n\n\n<li>Rahmanovi\u0107 Osman<\/li>\n<\/ol>\n\n\n\n<p>OSNOVNI SUD VLASENICA<\/p>\n\n\n\n<ol class=\"wp-block-list\">\n<li>Slobodanka Mo\u010devi\u0107,<\/li>\n\n\n\n<li>Mladenka Zeki\u0107,<\/li>\n\n\n\n<li>Bosiljka Pavlovi\u0107,<\/li>\n\n\n\n<li>Aleksandra Timotijevi\u0107 Risti\u0107<\/li>\n\n\n\n<li>Darko Mijatovi\u0107,<\/li>\n\n\n\n<li>Darko Bo\u017ei\u0107<\/li>\n<\/ol>\n\n\n\n<p>OKRU\u017dNI SUD BANJA LUKA<\/p>\n\n\n\n<ol class=\"wp-block-list\">\n<li>Ajdar Aida<\/li>\n\n\n\n<li>Ani\u010di\u0107-Zgonjanin Marija<\/li>\n\n\n\n<li>Bo\u017ei\u0107 Jelena<\/li>\n\n\n\n<li>Do\u0161enovi\u0107 Mira<\/li>\n\n\n\n<li>Dragosavljevi\u0107 Blagoje<\/li>\n\n\n\n<li>Forca Sr\u0111an<\/li>\n\n\n\n<li>Gavri\u0107 Pane<\/li>\n\n\n\n<li>Kori\u010di\u0107 Sanela<\/li>\n\n\n\n<li>Kovi\u0107 \u017deljko<\/li>\n\n\n\n<li>Mari\u0107 Igor<\/li>\n\n\n\n<li>Mitri\u0107 Nevenka<\/li>\n\n\n\n<li>Mi\u0161i\u0107 Vesna<\/li>\n\n\n\n<li>Obradovi\u0107 Dragomir<\/li>\n\n\n\n<li>Radevi\u0107 Mirjana<\/li>\n\n\n\n<li>Ratkovi\u0107 Gordana<\/li>\n\n\n\n<li>Sadikovi\u0107 Nermana<\/li>\n\n\n\n<li>Stameni\u0107 Darko<\/li>\n\n\n\n<li>Stanojevi\u0107 Dragomirka<\/li>\n\n\n\n<li>Stefanovi\u0107 Sanja<\/li>\n\n\n\n<li>Stevandi\u0107 Gordana<\/li>\n\n\n\n<li>Trifunovi\u0107 Borislav<\/li>\n\n\n\n<li>Vidimli\u0107 Biljana<\/li>\n\n\n\n<li>Vinac Mario<\/li>\n\n\n\n<li>\u0110uri\u0107 Milica<\/li>\n\n\n\n<li>\u0160atara Jasna<\/li>\n\n\n\n<li>\u017ddral Aleksandra<\/li>\n<\/ol>\n\n\n\n<p>OKRU\u017dNI SUD BIJELJINA<\/p>\n\n\n\n<ol class=\"wp-block-list\">\n<li>Baji\u0107 Sadika<\/li>\n\n\n\n<li>D\u017eida Zoran<\/li>\n\n\n\n<li>Erdeli\u0107 Dragoslav<\/li>\n\n\n\n<li>Jamina Dane<\/li>\n\n\n\n<li>Muharemovi\u0107 Kari\u0107 Elbisa<\/li>\n\n\n\n<li>Salihbegovi\u0107 Alma<\/li>\n\n\n\n<li>Sekuli\u0107 Ivica<\/li>\n\n\n\n<li>Simani\u0107 Dragana<\/li>\n\n\n\n<li>Vasiljevi\u0107 Mirko<\/li>\n\n\n\n<li>Zori\u0107 Milena<\/li>\n\n\n\n<li>Lugonja Dra\u017eenko<\/li>\n<\/ol>\n\n\n\n<p>OKRU\u017dNI SUD PRIJEDOR<\/p>\n\n\n\n<ol class=\"wp-block-list\">\n<li>Miloica Du\u0161ko<\/li>\n\n\n\n<li>Janji\u0107 Radomir<\/li>\n\n\n\n<li>Marin Drena<\/li>\n\n\n\n<li>Eror Nedeljka<\/li>\n\n\n\n<li>Ba\u0161tinac Jasminka<\/li>\n\n\n\n<li>Miodragovi\u0107 Basrak Mirjana<\/li>\n\n\n\n<li>Sarajli\u0107 Vesna<\/li>\n<\/ol>\n\n\n\n<p>OKRU\u017dNI SUD DOBOJ<\/p>\n\n\n\n<ol class=\"wp-block-list\">\n<li>Bambulovi\u0107 Slavica<\/li>\n\n\n\n<li>Banjac-Lopandi\u0107 Sne\u017eana<\/li>\n\n\n\n<li>Cvijanovi\u0107 Ognjenka<\/li>\n\n\n\n<li>Lazi\u0107 Miladinovi\u0107 Marijana<\/li>\n\n\n\n<li>Paji\u0107 Sla\u0111ana<\/li>\n\n\n\n<li>Pre\u0161i\u0107 Vojka<\/li>\n\n\n\n<li>Stan\u010di\u0107 Radmila<\/li>\n\n\n\n<li>Azmira Mejru\u0161i\u0107<\/li>\n<\/ol>\n\n\n\n<p>OKRU\u017dNI SUD TREBINJE<\/p>\n\n\n\n<ol class=\"wp-block-list\">\n<li>Stevi\u0107 Bojan<\/li>\n\n\n\n<li>Popi\u0107 Du\u0161ko<\/li>\n<\/ol>\n\n\n\n<p>OKRU\u017dNI SUD ISTO\u010cNO SARAJEVO<\/p>\n\n\n\n<ol class=\"wp-block-list\">\n<li>Husi\u0107 Zinaida<\/li>\n\n\n\n<li>Lojo Nizama<\/li>\n\n\n\n<li>Ivanovi\u0107 Veselinka<\/li>\n\n\n\n<li>Mr\u0161i\u0107 Ranka<\/li>\n\n\n\n<li>Had\u017eiomeragi\u0107 Senad<\/li>\n\n\n\n<li>Okuka Jelena<\/li>\n<\/ol>\n\n\n\n<p>OKRU\u017dNI PRIVREDNI SUD BANJA LUKA<\/p>\n\n\n\n<ol class=\"wp-block-list\">\n<li>Bosni\u0107 Sini\u0161a<\/li>\n\n\n\n<li>Sandra Budi\u0161a<\/li>\n\n\n\n<li>Dabi\u0107 Igor<\/li>\n\n\n\n<li>Gruba\u010di\u0107-Jankovi\u0107 Tanja<\/li>\n\n\n\n<li>Ili\u0107 Sanja<\/li>\n\n\n\n<li>Mari\u0107 Gordana<\/li>\n\n\n\n<li>Milakovi\u0107 Radomir<\/li>\n\n\n\n<li>Milijevi\u0107 Nedeljko<\/li>\n\n\n\n<li>Stankovi\u0107-Seksan Vesna<\/li>\n\n\n\n<li>Tomi\u0107 Sta\u0161a<\/li>\n\n\n\n<li>Tomi\u0107-Ignjati\u0107 Ana<\/li>\n\n\n\n<li>Vukali\u0107 Midho<\/li>\n\n\n\n<li>\u010cegar Sanja<\/li>\n\n\n\n<li>Danijela \u0160ar\u010devi\u0107<\/li>\n<\/ol>\n\n\n\n<p>OKRU\u017dNI PRIVREDNI SUD PRIJEDOR<\/p>\n\n\n\n<ol class=\"wp-block-list\">\n<li>Cepi\u0107 Snje\u017eana<\/li>\n\n\n\n<li>Grozdani\u0107 Amra<\/li>\n\n\n\n<li>Mazali\u0107 Novi\u0107 Dijana<\/li>\n<\/ol>\n\n\n\n<p>OKRU\u017dNI PRIVREDNI SUD DOBOJ<\/p>\n\n\n\n<ol class=\"wp-block-list\">\n<li>Arseni\u0107 Nada<\/li>\n\n\n\n<li>Jovanovi\u0107 Jovanka<\/li>\n\n\n\n<li>Stojakovi\u0107-Kvaternik Brankica<\/li>\n\n\n\n<li>Kula\u0161 Mato<\/li>\n\n\n\n<li>D\u017eini\u0107 Adisa<\/li>\n<\/ol>\n\n\n\n<p>OKRU\u017dNI PRIVREDNI SUD BIJELJINA<\/p>\n\n\n\n<ol class=\"wp-block-list\">\n<li>Krsti\u0107 Slobodana<\/li>\n\n\n\n<li>Gu\u017evi\u0107 Bo\u017eana<\/li>\n\n\n\n<li>Mediha D\u017eemali\u0107<\/li>\n<\/ol>\n\n\n\n<p>OKRU\u017dNI PRIVREDNI SUD ISTO\u010cNO SARAJEVO<\/p>\n\n\n\n<ol class=\"wp-block-list\">\n<li>Sandra Rado\u0161-\u010catak<\/li>\n\n\n\n<li>Almina Oru\u010d<\/li>\n<\/ol>\n\n\n\n<p>OKRU\u017dNI PRIVREDNI SUD TREBINJE<\/p>\n\n\n\n<ol class=\"wp-block-list\">\n<li>Begovi\u0107 Smajil<\/li>\n\n\n\n<li>Vojnovi\u0107 Danica<\/li>\n\n\n\n<li>Kokotovi\u0107 Mirjana<\/li>\n<\/ol>\n\n\n\n<p>VI\u0160I PRIVREDNI SUD BANJA LUKA<\/p>\n\n\n\n<ol class=\"wp-block-list\">\n<li>Gaji\u0107 Bogdan<\/li>\n\n\n\n<li>Kova\u010devi\u0107 Biserka<\/li>\n\n\n\n<li>Ninkovi\u0107 Velimir<\/li>\n\n\n\n<li>Rom\u010devi\u0107 Snje\u017eana<\/li>\n\n\n\n<li>Skoko Branka<\/li>\n\n\n\n<li>Turke\u0161 Drago<\/li>\n<\/ol>\n\n\n\n<p>VRHOVNI SUD REPUBLIKE SRPSKE<\/p>\n\n\n\n<ol class=\"wp-block-list\">\n<li>Antoni\u0107 Vesna<\/li>\n\n\n\n<li>Bjelobrk Mersida<\/li>\n\n\n\n<li>Bojovi\u0107 Du\u0161ko<\/li>\n\n\n\n<li>Bo\u0161njak-Glizijan Ljiljana<\/li>\n\n\n\n<li>Bundalo Tanja<\/li>\n\n\n\n<li>Ikanovi\u0107 Veljko<\/li>\n\n\n\n<li>Kne\u017eevi\u0107 Svjetlana<\/li>\n\n\n\n<li>Mike\u0161 Gorana<\/li>\n\n\n\n<li>Milovanovi\u0107 Daniela<\/li>\n\n\n\n<li>Mr\u0161a Smiljana<\/li>\n\n\n\n<li>Obradovi\u0107 Rosa<\/li>\n\n\n\n<li>Popadi\u0107 Gorjana<\/li>\n\n\n\n<li>Stani\u0161i\u0107 Jadranka<\/li>\n\n\n\n<li>Tica Senad<\/li>\n\n\n\n<li>Tomi\u0107 Biljana<\/li>\n\n\n\n<li>\u0106urkovi\u0107 Strahinja<\/li>\n\n\n\n<li>\u010cupelji\u0107 Edina<\/li>\n\n\n\n<li>\u0160ubari\u0107 Violanda<\/li>\n\n\n\n<li>Bo\u017eana Vuli\u0107<\/li>\n<\/ol>\n","protected":false},"excerpt":{"rendered":"<p>\u010cLANOVI UDRU\u017dENJA SUDIJA REPUBLIKE SRPSKE OSNOVNI SUD BANJA LUKA OSNOVNI SUD GRADI\u0160KA OSNOVNI SUD KOZARSKA DUBICA OSNOVNI SUD KOTOR VARO\u0160 OSNOVNI SUD MRKONJI\u0106 GRAD OSNOVNI SUD NOVI GRAD OSNOVNI SUD U PRIJEDORU OSNOVNI SUD PRNJAVOR OSNOVNI SUD U \u0160AMCU OSNOVNI SUD BIJELJINA OSNOVNI SUD SREBRENICA OSNOVNI SUD ZVORNIK OSNOVNI SUD DERVENTA OSNOVNI SUD U DOBOJU [&hellip;]<\/p>\n","protected":false},"author":1,"featured_media":0,"parent":16,"menu_order":0,"comment_status":"closed","ping_status":"closed","template":"","meta":{"footnotes":""},"class_list":["post-40","page","type-page","status-publish","hentry"],"_links":{"self":[{"href":"http:\/\/usrs.prodeco-propisi.com\/usrswp\/wordpress\/wp-json\/wp\/v2\/pages\/40","targetHints":{"allow":["GET"]}}],"collection":[{"href":"http:\/\/usrs.prodeco-propisi.com\/usrswp\/wordpress\/wp-json\/wp\/v2\/pages"}],"about":[{"href":"http:\/\/usrs.prodeco-propisi.com\/usrswp\/wordpress\/wp-json\/wp\/v2\/types\/page"}],"author":[{"embeddable":true,"href":"http:\/\/usrs.prodeco-propisi.com\/usrswp\/wordpress\/wp-json\/wp\/v2\/users\/1"}],"replies":[{"embeddable":true,"href":"http:\/\/usrs.prodeco-propisi.com\/usrswp\/wordpress\/wp-json\/wp\/v2\/comments?post=40"}],"version-history":[{"count":2,"href":"http:\/\/usrs.prodeco-propisi.com\/usrswp\/wordpress\/wp-json\/wp\/v2\/pages\/40\/revisions"}],"predecessor-version":[{"id":65,"href":"http:\/\/usrs.prodeco-propisi.com\/usrswp\/wordpress\/wp-json\/wp\/v2\/pages\/40\/revisions\/65"}],"up":[{"embeddable":true,"href":"http:\/\/usrs.prodeco-propisi.com\/usrswp\/wordpress\/wp-json\/wp\/v2\/pages\/16"}],"wp:attachment":[{"href":"http:\/\/usrs.prodeco-propisi.com\/usrswp\/wordpress\/wp-json\/wp\/v2\/media?parent=40"}],"curies":[{"name":"wp","href":"https:\/\/api.w.org\/{rel}","templated":true}]}}