{"id":38,"date":"2024-04-14T16:08:03","date_gmt":"2024-04-14T14:08:03","guid":{"rendered":"http:\/\/usrs.prodeco-propisi.com\/usrswp\/wordpress\/?page_id=38"},"modified":"2024-04-14T16:33:33","modified_gmt":"2024-04-14T14:33:33","slug":"sud-casti","status":"publish","type":"page","link":"http:\/\/usrs.prodeco-propisi.com\/usrswp\/wordpress\/organi\/sud-casti\/","title":{"rendered":"Sud \u010dasti"},"content":{"rendered":"\n<p><strong>\u010cLANOVI SUDA \u010cASTI<\/strong><\/p>\n\n\n\n<ol class=\"wp-block-list\">\n<li>Jelena Bo\u017ei\u0107, predsjednik<br>Okru\u017eni sud Banjaluka<\/li>\n\n\n\n<li>Dragana Kova\u010devi\u0107, \u010dlan<br>Osnovni sud Banjaluka<\/li>\n\n\n\n<li>Tanja Gruba\u010di\u0107-Jankovi\u0107, \u010dlan<br>Okru\u017eni privredni sud Banjaluka<\/li>\n<\/ol>\n","protected":false},"excerpt":{"rendered":"<p>\u010cLANOVI SUDA \u010cASTI<\/p>\n","protected":false},"author":1,"featured_media":0,"parent":14,"menu_order":23,"comment_status":"closed","ping_status":"closed","template":"","meta":{"footnotes":""},"class_list":["post-38","page","type-page","status-publish","hentry"],"_links":{"self":[{"href":"http:\/\/usrs.prodeco-propisi.com\/usrswp\/wordpress\/wp-json\/wp\/v2\/pages\/38","targetHints":{"allow":["GET"]}}],"collection":[{"href":"http:\/\/usrs.prodeco-propisi.com\/usrswp\/wordpress\/wp-json\/wp\/v2\/pages"}],"about":[{"href":"http:\/\/usrs.prodeco-propisi.com\/usrswp\/wordpress\/wp-json\/wp\/v2\/types\/page"}],"author":[{"embeddable":true,"href":"http:\/\/usrs.prodeco-propisi.com\/usrswp\/wordpress\/wp-json\/wp\/v2\/users\/1"}],"replies":[{"embeddable":true,"href":"http:\/\/usrs.prodeco-propisi.com\/usrswp\/wordpress\/wp-json\/wp\/v2\/comments?post=38"}],"version-history":[{"count":2,"href":"http:\/\/usrs.prodeco-propisi.com\/usrswp\/wordpress\/wp-json\/wp\/v2\/pages\/38\/revisions"}],"predecessor-version":[{"id":64,"href":"http:\/\/usrs.prodeco-propisi.com\/usrswp\/wordpress\/wp-json\/wp\/v2\/pages\/38\/revisions\/64"}],"up":[{"embeddable":true,"href":"http:\/\/usrs.prodeco-propisi.com\/usrswp\/wordpress\/wp-json\/wp\/v2\/pages\/14"}],"wp:attachment":[{"href":"http:\/\/usrs.prodeco-propisi.com\/usrswp\/wordpress\/wp-json\/wp\/v2\/media?parent=38"}],"curies":[{"name":"wp","href":"https:\/\/api.w.org\/{rel}","templated":true}]}}