{"id":36,"date":"2024-04-14T16:07:22","date_gmt":"2024-04-14T14:07:22","guid":{"rendered":"http:\/\/usrs.prodeco-propisi.com\/usrswp\/wordpress\/?page_id=36"},"modified":"2024-04-14T16:32:48","modified_gmt":"2024-04-14T14:32:48","slug":"nadzorni-odbor","status":"publish","type":"page","link":"http:\/\/usrs.prodeco-propisi.com\/usrswp\/wordpress\/organi\/nadzorni-odbor\/","title":{"rendered":"Nadzorni odbor"},"content":{"rendered":"\n<p><strong>\u010cLANOVI NADZORNOG ODBORA<\/strong><\/p>\n\n\n\n<ol class=\"wp-block-list\">\n<li>Nives \u0106etojevi\u0107, predsjednik<br>Osnovni sud Banjaluka<\/li>\n\n\n\n<li>Aleksandra Miro\u0161ljevi\u0107-\u017ddral<br>Okru\u017eni sud Banjaluka<\/li>\n\n\n\n<li>Ljubi\u0161a Mili\u0107evi\u0107,<br>Osnovni sud Bijeljina<\/li>\n<\/ol>\n","protected":false},"excerpt":{"rendered":"<p>\u010cLANOVI NADZORNOG ODBORA<\/p>\n","protected":false},"author":1,"featured_media":0,"parent":14,"menu_order":22,"comment_status":"closed","ping_status":"closed","template":"","meta":{"footnotes":""},"class_list":["post-36","page","type-page","status-publish","hentry"],"_links":{"self":[{"href":"http:\/\/usrs.prodeco-propisi.com\/usrswp\/wordpress\/wp-json\/wp\/v2\/pages\/36","targetHints":{"allow":["GET"]}}],"collection":[{"href":"http:\/\/usrs.prodeco-propisi.com\/usrswp\/wordpress\/wp-json\/wp\/v2\/pages"}],"about":[{"href":"http:\/\/usrs.prodeco-propisi.com\/usrswp\/wordpress\/wp-json\/wp\/v2\/types\/page"}],"author":[{"embeddable":true,"href":"http:\/\/usrs.prodeco-propisi.com\/usrswp\/wordpress\/wp-json\/wp\/v2\/users\/1"}],"replies":[{"embeddable":true,"href":"http:\/\/usrs.prodeco-propisi.com\/usrswp\/wordpress\/wp-json\/wp\/v2\/comments?post=36"}],"version-history":[{"count":2,"href":"http:\/\/usrs.prodeco-propisi.com\/usrswp\/wordpress\/wp-json\/wp\/v2\/pages\/36\/revisions"}],"predecessor-version":[{"id":63,"href":"http:\/\/usrs.prodeco-propisi.com\/usrswp\/wordpress\/wp-json\/wp\/v2\/pages\/36\/revisions\/63"}],"up":[{"embeddable":true,"href":"http:\/\/usrs.prodeco-propisi.com\/usrswp\/wordpress\/wp-json\/wp\/v2\/pages\/14"}],"wp:attachment":[{"href":"http:\/\/usrs.prodeco-propisi.com\/usrswp\/wordpress\/wp-json\/wp\/v2\/media?parent=36"}],"curies":[{"name":"wp","href":"https:\/\/api.w.org\/{rel}","templated":true}]}}