{"id":30,"date":"2024-04-14T16:04:27","date_gmt":"2024-04-14T14:04:27","guid":{"rendered":"http:\/\/usrs.prodeco-propisi.com\/usrswp\/wordpress\/?page_id=30"},"modified":"2024-04-14T16:29:36","modified_gmt":"2024-04-14T14:29:36","slug":"pravilnik-o-pravu-sudija-na-novcanu-pomoc-za-posebne-slucajeve","status":"publish","type":"page","link":"http:\/\/usrs.prodeco-propisi.com\/usrswp\/wordpress\/pravni-akti\/pravilnik-o-pravu-sudija-na-novcanu-pomoc-za-posebne-slucajeve\/","title":{"rendered":"Pravilnik o pravu sudija na nov\u010danu pomo\u0107 za posebne slu\u010dajeve"},"content":{"rendered":"\n<p>Ovdje mo\u017eete preuzeti ili pogledati Pravilnik o pravu sudija na nov\u010danu pomo\u0107 za posebne slu\u010dajeve<\/p>\n\n\n\n<div class=\"wp-block-file\"><a id=\"wp-block-file--media-e64e8d6e-54b0-4461-9617-cda73887c55f\" href=\"http:\/\/usrs.prodeco-propisi.com\/usrswp\/wordpress\/wp-content\/uploads\/2024\/04\/Pravilnik-o-pravu-sudija-na-novcanu-pomoc.pdf\">Pravilnik-o-pravu-sudija-na-novcanu-pomoc<\/a><a href=\"http:\/\/usrs.prodeco-propisi.com\/usrswp\/wordpress\/wp-content\/uploads\/2024\/04\/Pravilnik-o-pravu-sudija-na-novcanu-pomoc.pdf\" class=\"wp-block-file__button wp-element-button\" download aria-describedby=\"wp-block-file--media-e64e8d6e-54b0-4461-9617-cda73887c55f\">Download<\/a><\/div>\n","protected":false},"excerpt":{"rendered":"<p>Ovdje mo\u017eete preuzeti ili pogledati Pravilnik o pravu sudija na nov\u010danu pomo\u0107 za posebne slu\u010dajeve<\/p>\n","protected":false},"author":1,"featured_media":0,"parent":12,"menu_order":13,"comment_status":"closed","ping_status":"closed","template":"","meta":{"footnotes":""},"class_list":["post-30","page","type-page","status-publish","hentry"],"_links":{"self":[{"href":"http:\/\/usrs.prodeco-propisi.com\/usrswp\/wordpress\/wp-json\/wp\/v2\/pages\/30","targetHints":{"allow":["GET"]}}],"collection":[{"href":"http:\/\/usrs.prodeco-propisi.com\/usrswp\/wordpress\/wp-json\/wp\/v2\/pages"}],"about":[{"href":"http:\/\/usrs.prodeco-propisi.com\/usrswp\/wordpress\/wp-json\/wp\/v2\/types\/page"}],"author":[{"embeddable":true,"href":"http:\/\/usrs.prodeco-propisi.com\/usrswp\/wordpress\/wp-json\/wp\/v2\/users\/1"}],"replies":[{"embeddable":true,"href":"http:\/\/usrs.prodeco-propisi.com\/usrswp\/wordpress\/wp-json\/wp\/v2\/comments?post=30"}],"version-history":[{"count":2,"href":"http:\/\/usrs.prodeco-propisi.com\/usrswp\/wordpress\/wp-json\/wp\/v2\/pages\/30\/revisions"}],"predecessor-version":[{"id":60,"href":"http:\/\/usrs.prodeco-propisi.com\/usrswp\/wordpress\/wp-json\/wp\/v2\/pages\/30\/revisions\/60"}],"up":[{"embeddable":true,"href":"http:\/\/usrs.prodeco-propisi.com\/usrswp\/wordpress\/wp-json\/wp\/v2\/pages\/12"}],"wp:attachment":[{"href":"http:\/\/usrs.prodeco-propisi.com\/usrswp\/wordpress\/wp-json\/wp\/v2\/media?parent=30"}],"curies":[{"name":"wp","href":"https:\/\/api.w.org\/{rel}","templated":true}]}}