{"id":12,"date":"2024-04-14T15:51:48","date_gmt":"2024-04-14T13:51:48","guid":{"rendered":"http:\/\/usrs.prodeco-propisi.com\/usrswp\/wordpress\/?page_id=12"},"modified":"2024-04-14T19:49:48","modified_gmt":"2024-04-14T17:49:48","slug":"pravni-akti","status":"publish","type":"page","link":"http:\/\/usrs.prodeco-propisi.com\/usrswp\/wordpress\/pravni-akti\/","title":{"rendered":"Pravni akti"},"content":{"rendered":"\n<p><a href=\"http:\/\/usrs.prodeco-propisi.com\/usrswp\/wordpress\/pravni-akti\/statut\/\" data-type=\"page\" data-id=\"24\">Statut Udru\u017eenja sudija Republike Srpske<\/a><\/p>\n\n\n\n<p><a href=\"http:\/\/usrs.prodeco-propisi.com\/usrswp\/wordpress\/pravni-akti\/poslovnik-o-radu-skupstine\/\" data-type=\"page\" data-id=\"26\">Poslovnik o radu skup\u0161tine<\/a><\/p>\n\n\n\n<p><a href=\"http:\/\/usrs.prodeco-propisi.com\/usrswp\/wordpress\/pravni-akti\/poslovnik-o-radu-upravnog-odbora\/\" data-type=\"page\" data-id=\"28\">Poslovnik o radu Upravnog odbora<\/a><\/p>\n\n\n\n<p><a href=\"http:\/\/usrs.prodeco-propisi.com\/usrswp\/wordpress\/pravni-akti\/pravilnik-o-pravu-sudija-na-novcanu-pomoc-za-posebne-slucajeve\/\" data-type=\"page\" data-id=\"30\">Pravilnik o pravu sudija na nov\u010danu pomo\u0107 za posebne slu\u010dajeve<\/a><\/p>\n","protected":false},"excerpt":{"rendered":"<p>Statut Udru\u017eenja sudija Republike Srpske Poslovnik o radu skup\u0161tine Poslovnik o radu Upravnog odbora Pravilnik o pravu sudija na nov\u010danu pomo\u0107 za posebne slu\u010dajeve<\/p>\n","protected":false},"author":1,"featured_media":0,"parent":0,"menu_order":0,"comment_status":"closed","ping_status":"closed","template":"","meta":{"footnotes":""},"class_list":["post-12","page","type-page","status-publish","hentry"],"_links":{"self":[{"href":"http:\/\/usrs.prodeco-propisi.com\/usrswp\/wordpress\/wp-json\/wp\/v2\/pages\/12","targetHints":{"allow":["GET"]}}],"collection":[{"href":"http:\/\/usrs.prodeco-propisi.com\/usrswp\/wordpress\/wp-json\/wp\/v2\/pages"}],"about":[{"href":"http:\/\/usrs.prodeco-propisi.com\/usrswp\/wordpress\/wp-json\/wp\/v2\/types\/page"}],"author":[{"embeddable":true,"href":"http:\/\/usrs.prodeco-propisi.com\/usrswp\/wordpress\/wp-json\/wp\/v2\/users\/1"}],"replies":[{"embeddable":true,"href":"http:\/\/usrs.prodeco-propisi.com\/usrswp\/wordpress\/wp-json\/wp\/v2\/comments?post=12"}],"version-history":[{"count":3,"href":"http:\/\/usrs.prodeco-propisi.com\/usrswp\/wordpress\/wp-json\/wp\/v2\/pages\/12\/revisions"}],"predecessor-version":[{"id":95,"href":"http:\/\/usrs.prodeco-propisi.com\/usrswp\/wordpress\/wp-json\/wp\/v2\/pages\/12\/revisions\/95"}],"wp:attachment":[{"href":"http:\/\/usrs.prodeco-propisi.com\/usrswp\/wordpress\/wp-json\/wp\/v2\/media?parent=12"}],"curies":[{"name":"wp","href":"https:\/\/api.w.org\/{rel}","templated":true}]}}